{"id":40,"date":"2025-07-19T09:42:05","date_gmt":"2025-07-19T09:42:05","guid":{"rendered":"https:\/\/smindustry.com.tn\/?page_id=40"},"modified":"2025-07-20T23:47:51","modified_gmt":"2025-07-20T23:47:51","slug":"our-services","status":"publish","type":"page","link":"https:\/\/smindustry.com.tn\/index.php\/our-services\/","title":{"rendered":"Nos Services"},"content":{"rendered":"\n<p>Concasseurs<\/p>\n\n\n\n<p>Fabrication de pi\u00e8ces<\/p>\n\n\n\n<p>Expertise, diagnostic<\/p>\n\n\n\n<p>M\u00e9cano-soudure<\/p>\n\n\n\n<p>R\u00e9gulage des paliers<\/p>\n\n\n\n<p>Analyse vibratoire<\/p>\n\n\n\n<p>Equilibrage dynamique<\/p>\n\n\n\n<p>Alignement laser<\/p>\n","protected":false},"excerpt":{"rendered":"<p>Concasseurs Fabrication de pi\u00e8ces Expertise, diagnostic M\u00e9cano-soudure R\u00e9gulage des paliers Analyse vibratoire Equilibrage dynamique Alignement laser<\/p>\n","protected":false},"author":1,"featured_media":0,"parent":0,"menu_order":0,"comment_status":"closed","ping_status":"closed","template":"","meta":{"footnotes":""},"class_list":["post-40","page","type-page","status-publish","hentry"],"_links":{"self":[{"href":"https:\/\/smindustry.com.tn\/index.php\/wp-json\/wp\/v2\/pages\/40","targetHints":{"allow":["GET"]}}],"collection":[{"href":"https:\/\/smindustry.com.tn\/index.php\/wp-json\/wp\/v2\/pages"}],"about":[{"href":"https:\/\/smindustry.com.tn\/index.php\/wp-json\/wp\/v2\/types\/page"}],"author":[{"embeddable":true,"href":"https:\/\/smindustry.com.tn\/index.php\/wp-json\/wp\/v2\/users\/1"}],"replies":[{"embeddable":true,"href":"https:\/\/smindustry.com.tn\/index.php\/wp-json\/wp\/v2\/comments?post=40"}],"version-history":[{"count":3,"href":"https:\/\/smindustry.com.tn\/index.php\/wp-json\/wp\/v2\/pages\/40\/revisions"}],"predecessor-version":[{"id":108,"href":"https:\/\/smindustry.com.tn\/index.php\/wp-json\/wp\/v2\/pages\/40\/revisions\/108"}],"wp:attachment":[{"href":"https:\/\/smindustry.com.tn\/index.php\/wp-json\/wp\/v2\/media?parent=40"}],"curies":[{"name":"wp","href":"https:\/\/api.w.org\/{rel}","templated":true}]}}